{"id":412,"date":"2021-11-05T17:58:20","date_gmt":"2021-11-05T17:58:20","guid":{"rendered":"https:\/\/www.code95afvalcursus.nl\/?page_id=412"},"modified":"2022-12-08T19:08:01","modified_gmt":"2022-12-08T18:08:01","slug":"opleidingen","status":"publish","type":"page","link":"https:\/\/www.afvalkennis.nl\/index.php\/opleidingen\/","title":{"rendered":"Opleidingen"},"content":{"rendered":"\n<p>Een belangrijk onderdeel van ons werk is het ontwikkelen en verzorgen van cursussen op het gebied van afvalstoffen. Onze leermethoden zijn afwisselend en gericht op uw praktijk. Hiermee leert u de gevolgen van verplichtingen uit de afvalstoffen wet- en regelgeving op praktische wijze naar uw eigen situatie te vertalen.<\/p>\n\n\n\n<figure class=\"wp-block-image size-full\"><img loading=\"lazy\" decoding=\"async\" width=\"1000\" height=\"150\" src=\"https:\/\/www.code95afvalcursus.nl\/wp-content\/uploads\/2021\/11\/scrap.jpg\" alt=\"\" class=\"wp-image-413\" srcset=\"https:\/\/www.afvalkennis.nl\/wp-content\/uploads\/2021\/11\/scrap.jpg 1000w, https:\/\/www.afvalkennis.nl\/wp-content\/uploads\/2021\/11\/scrap-300x45.jpg 300w, https:\/\/www.afvalkennis.nl\/wp-content\/uploads\/2021\/11\/scrap-768x115.jpg 768w, https:\/\/www.afvalkennis.nl\/wp-content\/uploads\/2021\/11\/scrap-416x62.jpg 416w\" sizes=\"auto, (max-width: 1000px) 100vw, 1000px\" \/><\/figure>\n\n\n\n<p>De volgende cursussen bieden wij aan:<\/p>\n\n\n<ul>\n<li><a href=\"https:\/\/www.afvalkennis.nl\/index.php\/opleidingen\/melden\/\">Melden van afvalstoffen<\/a><\/li>\n<li><a href=\"https:\/\/www.afvalkennis.nl\/index.php\/opleidingen\/begeleidingsbrief\/\">Begeleidingsbrief<\/a><\/li>\n<li><a href=\"https:\/\/www.afvalkennis.nl\/index.php\/opleidingen\/vakdiploma-afvalstoffen-vihb\/\">Vakdiploma afvalstoffen (VIHB)<\/a><\/li>\n<li><a href=\"https:\/\/www.afvalkennis.nl\/index.php\/opleidingen\/code95-afvalstoffenvervoer\/\">Code95 Afvalstoffen<\/a><\/li>\n<li><a href=\"https:\/\/www.afvalkennis.nl\/index.php\/opleidingen\/verdiepingscursussen\/\">Verdiepingscursus<\/a><\/li>\n<\/ul>\n\n\n<p>Ge\u00efnteresseerd in \u00e9\u00e9n van deze cursussen? <a href=\"https:\/\/www.afvalkennis.nl\/index.php\/opleidingen\/cursusagenda\/\" data-type=\"page\" data-id=\"77\">Klik hier voor onze cursusagenda<\/a>.<\/p>\n\n\n\n<p>Daarnaast verzorgen wij ook cursussen in samenwerking met andere organisaties, zoals bijvoorbeeld: de EVO-Fenedex in Zoetermeer, het Beurtvaartadres in Zoetermeer, de BVOR in Wageningen, de BRBS in Zaltbommel, de Transportopleider in Oisterwijk, Cle-Ver Consultancy in Veenendaal, Verboon opleiders in Oosterhout en de Adromi Groep in Hendrik-Ido-Ambacht.<\/p>\n\n\n\n<figure class=\"wp-block-image size-full is-resized\"><img loading=\"lazy\" decoding=\"async\" src=\"https:\/\/www.code95afvalcursus.nl\/wp-content\/uploads\/2021\/11\/transbordspel.png\" alt=\"\" class=\"wp-image-414\" width=\"279\" height=\"200\" srcset=\"https:\/\/www.afvalkennis.nl\/wp-content\/uploads\/2021\/11\/transbordspel.png 372w, https:\/\/www.afvalkennis.nl\/wp-content\/uploads\/2021\/11\/transbordspel-300x215.png 300w\" sizes=\"auto, (max-width: 279px) 100vw, 279px\" \/><\/figure>\n\n\n\n<h4 class=\"wp-block-heading\" id=\"informatie\">Informatie<\/h4>\n\n\n\n<p>Heeft u vragen, specifieke wensen of behoefte aan een (voor u op maat gesneden) cursus? Neem dan vrijblijvend <a href=\"https:\/\/www.afvalkennis.nl\/index.php\/contact\/\" data-type=\"page\" data-id=\"147\">contact op<\/a>.<\/p>\n","protected":false},"excerpt":{"rendered":"<p>Een belangrijk onderdeel van ons werk is het ontwikkelen en verzorgen van cursussen op het gebied van afvalstoffen. Onze leermethoden zijn afwisselend en gericht op uw praktijk. Hiermee leert u de gevolgen van verplichtingen uit de afvalstoffen wet- en regelgeving op praktische wijze naar uw eigen situatie te vertalen. De volgende cursussen bieden wij aan: [&hellip;]<\/p>\n","protected":false},"author":1,"featured_media":0,"parent":0,"menu_order":0,"comment_status":"closed","ping_status":"closed","template":"","meta":{"footnotes":""},"class_list":["post-412","page","type-page","status-publish","hentry"],"_links":{"self":[{"href":"https:\/\/www.afvalkennis.nl\/index.php\/wp-json\/wp\/v2\/pages\/412","targetHints":{"allow":["GET"]}}],"collection":[{"href":"https:\/\/www.afvalkennis.nl\/index.php\/wp-json\/wp\/v2\/pages"}],"about":[{"href":"https:\/\/www.afvalkennis.nl\/index.php\/wp-json\/wp\/v2\/types\/page"}],"author":[{"embeddable":true,"href":"https:\/\/www.afvalkennis.nl\/index.php\/wp-json\/wp\/v2\/users\/1"}],"replies":[{"embeddable":true,"href":"https:\/\/www.afvalkennis.nl\/index.php\/wp-json\/wp\/v2\/comments?post=412"}],"version-history":[{"count":15,"href":"https:\/\/www.afvalkennis.nl\/index.php\/wp-json\/wp\/v2\/pages\/412\/revisions"}],"predecessor-version":[{"id":1255,"href":"https:\/\/www.afvalkennis.nl\/index.php\/wp-json\/wp\/v2\/pages\/412\/revisions\/1255"}],"wp:attachment":[{"href":"https:\/\/www.afvalkennis.nl\/index.php\/wp-json\/wp\/v2\/media?parent=412"}],"curies":[{"name":"wp","href":"https:\/\/api.w.org\/{rel}","templated":true}]}}